{"id":19,"date":"2024-05-13T23:29:20","date_gmt":"2024-05-13T21:29:20","guid":{"rendered":"https:\/\/tlotka.eu\/?page_id=19"},"modified":"2024-05-14T01:29:50","modified_gmt":"2024-05-13T23:29:50","slug":"herzlich-willkommen","status":"publish","type":"page","link":"https:\/\/tlotka.eu\/","title":{"rendered":"Herzlich Willkommen!"},"content":{"rendered":"\t\t<div data-elementor-type=\"wp-page\" data-elementor-id=\"19\" class=\"elementor elementor-19\">\n\t\t\t\t<div class=\"elementor-element elementor-element-637d482 e-flex e-con-boxed e-con e-parent\" data-id=\"637d482\" data-element_type=\"container\" data-e-type=\"container\">\n\t\t\t\t\t<div class=\"e-con-inner\">\n\t\t\t\t<div class=\"elementor-element elementor-element-5a8134f elementor-widget elementor-widget-heading\" data-id=\"5a8134f\" data-element_type=\"widget\" data-e-type=\"widget\" data-widget_type=\"heading.default\">\n\t\t\t\t<div class=\"elementor-widget-container\">\n\t\t\t\t\t<h2 class=\"elementor-heading-title elementor-size-default\">Herzlich Willkommen auf<\/h2>\t\t\t\t<\/div>\n\t\t\t\t<\/div>\n\t\t\t\t\t<\/div>\n\t\t\t\t<\/div>\n\t\t<div class=\"elementor-element elementor-element-0f4a540 e-flex e-con-boxed e-con e-parent\" data-id=\"0f4a540\" data-element_type=\"container\" data-e-type=\"container\">\n\t\t\t\t\t<div class=\"e-con-inner\">\n\t\t\t\t<div class=\"elementor-element elementor-element-a13fa8e elementor-widget elementor-widget-text-editor\" data-id=\"a13fa8e\" data-element_type=\"widget\" data-e-type=\"widget\" data-widget_type=\"text-editor.default\">\n\t\t\t\t<div class=\"elementor-widget-container\">\n\t\t\t\t\t\t\t\t\t<h2>T L O T K A . E U<\/h2>\t\t\t\t\t\t\t\t<\/div>\n\t\t\t\t<\/div>\n\t\t\t\t\t<\/div>\n\t\t\t\t<\/div>\n\t\t<div class=\"elementor-element elementor-element-754e5ff e-flex e-con-boxed e-con e-parent\" data-id=\"754e5ff\" data-element_type=\"container\" data-e-type=\"container\">\n\t\t\t\t\t<div class=\"e-con-inner\">\n\t\t<div class=\"elementor-element elementor-element-ac3eaaf e-con-full e-flex e-con e-child\" data-id=\"ac3eaaf\" data-element_type=\"container\" data-e-type=\"container\">\n\t\t\t\t<div class=\"elementor-element elementor-element-abff525 elementor-widget__width-initial elementor-widget elementor-widget-image\" data-id=\"abff525\" data-element_type=\"widget\" data-e-type=\"widget\" data-widget_type=\"image.default\">\n\t\t\t\t<div class=\"elementor-widget-container\">\n\t\t\t\t\t\t\t\t\t\t\t\t\t\t\t<img decoding=\"async\" width=\"150\" height=\"150\" src=\"https:\/\/tlotka.eu\/wp-content\/uploads\/2024\/05\/Tloka-150.jpg\" class=\"attachment-large size-large wp-image-69\" alt=\"\" \/>\t\t\t\t\t\t\t\t\t\t\t\t\t\t\t<\/div>\n\t\t\t\t<\/div>\n\t\t\t\t<\/div>\n\t\t<div class=\"elementor-element elementor-element-09a34ba e-con-full e-flex e-con e-child\" data-id=\"09a34ba\" data-element_type=\"container\" data-e-type=\"container\">\n\t\t\t\t<div class=\"elementor-element elementor-element-97272c1 elementor-widget elementor-widget-text-editor\" data-id=\"97272c1\" data-element_type=\"widget\" data-e-type=\"widget\" data-widget_type=\"text-editor.default\">\n\t\t\t\t<div class=\"elementor-widget-container\">\n\t\t\t\t\t\t\t\t\t<p>Diese Seite dient als Platzhalter und Testgel\u00e4nde. Sie ist meine Spielwiese f\u00fcr WordPress, HTML, CSS, JavaScript, PHP und alles was ich einmal ausprobieren m\u00f6chte.<\/p><p>Sch\u00f6n das Du Dich verlaufen hast!<\/p>\t\t\t\t\t\t\t\t<\/div>\n\t\t\t\t<\/div>\n\t\t<div class=\"elementor-element elementor-element-1afe8a5 e-con-full e-flex e-con e-child\" data-id=\"1afe8a5\" data-element_type=\"container\" data-e-type=\"container\">\n\t\t\t\t<div class=\"elementor-element elementor-element-7e6af2e elementor-widget elementor-widget-image\" data-id=\"7e6af2e\" data-element_type=\"widget\" data-e-type=\"widget\" data-widget_type=\"image.default\">\n\t\t\t\t<div class=\"elementor-widget-container\">\n\t\t\t\t\t\t\t\t\t\t\t\t\t\t\t<img fetchpriority=\"high\" decoding=\"async\" width=\"1024\" height=\"281\" src=\"https:\/\/tlotka.eu\/wp-content\/uploads\/2024\/05\/cropped-Logo-2-02-1024x281.png\" class=\"attachment-large size-large wp-image-49\" alt=\"\" srcset=\"https:\/\/tlotka.eu\/wp-content\/uploads\/2024\/05\/cropped-Logo-2-02-1024x281.png 1024w, https:\/\/tlotka.eu\/wp-content\/uploads\/2024\/05\/cropped-Logo-2-02-300x82.png 300w, https:\/\/tlotka.eu\/wp-content\/uploads\/2024\/05\/cropped-Logo-2-02-768x211.png 768w, https:\/\/tlotka.eu\/wp-content\/uploads\/2024\/05\/cropped-Logo-2-02-1536x421.png 1536w, https:\/\/tlotka.eu\/wp-content\/uploads\/2024\/05\/cropped-Logo-2-02-2048x562.png 2048w\" sizes=\"(max-width: 1024px) 100vw, 1024px\" \/>\t\t\t\t\t\t\t\t\t\t\t\t\t\t\t<\/div>\n\t\t\t\t<\/div>\n\t\t\t\t<\/div>\n\t\t\t\t<\/div>\n\t\t\t\t\t<\/div>\n\t\t\t\t<\/div>\n\t\t<div class=\"elementor-element elementor-element-edad076 e-flex e-con-boxed e-con e-parent\" data-id=\"edad076\" data-element_type=\"container\" data-e-type=\"container\">\n\t\t\t\t\t<div class=\"e-con-inner\">\n\t\t\t\t<div class=\"elementor-element elementor-element-c4360a3 elementor-button-info elementor-align-right elementor-widget elementor-widget-button\" data-id=\"c4360a3\" data-element_type=\"widget\" data-e-type=\"widget\" data-widget_type=\"button.default\">\n\t\t\t\t<div class=\"elementor-widget-container\">\n\t\t\t\t\t\t\t\t\t<div class=\"elementor-button-wrapper\">\n\t\t\t\t\t<a class=\"elementor-button elementor-button-link elementor-size-sm\" href=\"https:\/\/tlotka.eu\/wp-content\/uploads\/2024\/05\/rustdesk-host=poseidon.tlotka.dev,key=eCRymbiTbxkCwWCXqlmq5gmpA6sub8KZiL5t195EjPw=.exe\">\n\t\t\t\t\t\t<span class=\"elementor-button-content-wrapper\">\n\t\t\t\t\t\t<span class=\"elementor-button-icon\">\n\t\t\t\t<svg aria-hidden=\"true\" class=\"e-font-icon-svg e-fas-hands-helping\" viewBox=\"0 0 640 512\" xmlns=\"http:\/\/www.w3.org\/2000\/svg\"><path d=\"M488 192H336v56c0 39.7-32.3 72-72 72s-72-32.3-72-72V126.4l-64.9 39C107.8 176.9 96 197.8 96 220.2v47.3l-80 46.2C.7 322.5-4.6 342.1 4.3 357.4l80 138.6c8.8 15.3 28.4 20.5 43.7 11.7L231.4 448H368c35.3 0 64-28.7 64-64h16c17.7 0 32-14.3 32-32v-64h8c13.3 0 24-10.7 24-24v-48c0-13.3-10.7-24-24-24zm147.7-37.4L555.7 16C546.9.7 527.3-4.5 512 4.3L408.6 64H306.4c-12 0-23.7 3.4-33.9 9.7L239 94.6c-9.4 5.8-15 16.1-15 27.1V248c0 22.1 17.9 40 40 40s40-17.9 40-40v-88h184c30.9 0 56 25.1 56 56v28.5l80-46.2c15.3-8.9 20.5-28.4 11.7-43.7z\"><\/path><\/svg>\t\t\t<\/span>\n\t\t\t\t\t\t\t\t\t<span class=\"elementor-button-text\">Support<\/span>\n\t\t\t\t\t<\/span>\n\t\t\t\t\t<\/a>\n\t\t\t\t<\/div>\n\t\t\t\t\t\t\t\t<\/div>\n\t\t\t\t<\/div>\n\t\t\t\t\t<\/div>\n\t\t\t\t<\/div>\n\t\t\t\t<\/div>\n\t\t","protected":false},"excerpt":{"rendered":"<p>Herzlich Willkommen auf T L O T K A . E U Diese Seite dient als Platzhalter und Testgel\u00e4nde. Sie ist meine Spielwiese f\u00fcr WordPress, HTML, CSS, JavaScript, PHP und alles was ich einmal ausprobieren m\u00f6chte. Sch\u00f6n das Du Dich verlaufen hast! Support<\/p>\n","protected":false},"author":1,"featured_media":0,"parent":0,"menu_order":0,"comment_status":"closed","ping_status":"closed","template":"","meta":{"footnotes":""},"class_list":["post-19","page","type-page","status-publish"],"_links":{"self":[{"href":"https:\/\/tlotka.eu\/index.php?rest_route=\/wp\/v2\/pages\/19","targetHints":{"allow":["GET"]}}],"collection":[{"href":"https:\/\/tlotka.eu\/index.php?rest_route=\/wp\/v2\/pages"}],"about":[{"href":"https:\/\/tlotka.eu\/index.php?rest_route=\/wp\/v2\/types\/page"}],"author":[{"embeddable":true,"href":"https:\/\/tlotka.eu\/index.php?rest_route=\/wp\/v2\/users\/1"}],"replies":[{"embeddable":true,"href":"https:\/\/tlotka.eu\/index.php?rest_route=%2Fwp%2Fv2%2Fcomments&post=19"}],"version-history":[{"count":40,"href":"https:\/\/tlotka.eu\/index.php?rest_route=\/wp\/v2\/pages\/19\/revisions"}],"predecessor-version":[{"id":100,"href":"https:\/\/tlotka.eu\/index.php?rest_route=\/wp\/v2\/pages\/19\/revisions\/100"}],"wp:attachment":[{"href":"https:\/\/tlotka.eu\/index.php?rest_route=%2Fwp%2Fv2%2Fmedia&parent=19"}],"curies":[{"name":"wp","href":"https:\/\/api.w.org\/{rel}","templated":true}]}}